{"id":35,"date":"2024-06-06T12:47:58","date_gmt":"2024-06-06T10:47:58","guid":{"rendered":"http:\/\/pasieka.frufru.pl\/?page_id=35"},"modified":"2025-12-08T14:02:19","modified_gmt":"2025-12-08T13:02:19","slug":"pasieka-edukacyjna","status":"publish","type":"page","link":"https:\/\/pasieka.frufru.pl\/?page_id=35","title":{"rendered":"Pasieka edukacyjna"},"content":{"rendered":"\n<p>Pasieka edukacyjna to miejsce, w kt\u00f3rym \u0142\u0105czymy pasj\u0119 do pszcz\u00f3\u0142 z edukacj\u0105 przyrodnicz\u0105 dla dzieci, m\u0142odzie\u017cy i doros\u0142ych. Naszym celem jest przybli\u017cenie fascynuj\u0105cego \u015bwiata pszcz\u00f3\u0142, pokazanie ich niezwyk\u0142ej roli w przyrodzie oraz budowanie \u015bwiadomo\u015bci ekologicznej poprzez bezpo\u015bredni kontakt z natur\u0105.<\/p>\n\n\n\n<p>W naszej pasiece edukacyjnej uczestnicy mog\u0105 pozna\u0107 \u017cycie pszcz\u00f3\u0142 od \u015brodka \u2013 zobaczy\u0107, jak wygl\u0105da pszczela rodzina, jak powstaje mi\u00f3d, py\u0142ek pszczeli, propolis i wosk. T\u0142umaczymy, kim jest kr\u00f3lowa, jak pracuj\u0105 robotnice, jak funkcjonuje ul i dlaczego zapylacze s\u0105 niezb\u0119dne dla cz\u0142owieka oraz \u015brodowiska. Pokazujemy, \u017ce pszczo\u0142y to nie tylko owady, kt\u00f3re mog\u0105 u\u017c\u0105dli\u0107, ale przede wszystkim jedni z najwa\u017cniejszych sprzymierze\u0144c\u00f3w natury.<\/p>\n\n\n\n<p>Prowadzimy oraz planujemy rozwija\u0107 warsztaty pszczelarskie i ekologiczne dla:<br>\u2013 przedszkoli i szk\u00f3\u0142,<br>\u2013 m\u0142odzie\u017cy,<br>\u2013 os\u00f3b doros\u0142ych i senior\u00f3w,<br>\u2013 grup zorganizowanych oraz rodzin.<\/p>\n\n\n\n<p>Zaj\u0119cia dostosowujemy do wieku uczestnik\u00f3w i ich mo\u017cliwo\u015bci. \u0141\u0105czymy teori\u0119 z praktyk\u0105 \u2013 obserwacje uli, bezpieczne pokazy, prace przy ramkach, zaj\u0119cia z woskiem pszczelim, degustacje produkt\u00f3w pszczelich oraz opowie\u015bci z \u017cycia pasieki.<\/p>\n\n\n\n<p>Jednym z g\u0142\u00f3wnych cel\u00f3w pasieki edukacyjnej jest promowanie \u017cycia w zgodzie z natur\u0105. Zach\u0119camy do zak\u0142adania \u0142\u0105k kwietnych dla zapylaczy, tworzenia ogrod\u00f3w przyjaznych owadom oraz podejmowania codziennych dzia\u0142a\u0144 wspieraj\u0105cych \u015brodowisko. Szczeg\u00f3ln\u0105 uwag\u0119 przyk\u0142adamy do edukacji dzieci \u2013 wierzymy, \u017ce to one mog\u0105 realnie zmienia\u0107 \u015bwiat na lepszy.<\/p>\n\n\n\n<p>Nasza pasieka edukacyjna to przestrze\u0144 nauki, wypoczynku i inspiracji \u2013 miejsce, w kt\u00f3rym mo\u017cna zwolni\u0107, ws\u0142ucha\u0107 si\u0119 w natur\u0119 i odkry\u0107, jak ogromne znaczenie maj\u0105 pszczo\u0142y w naszym codziennym \u017cyciu.<\/p>\n\n\n\n<figure class=\"wp-block-gallery has-nested-images columns-default is-cropped wp-block-gallery-1 is-layout-flex wp-block-gallery-is-layout-flex\">\n<figure class=\"wp-block-image size-large\"><img loading=\"lazy\" decoding=\"async\" width=\"1024\" height=\"942\" data-id=\"108\" src=\"https:\/\/pasieka.frufru.pl\/wp-content\/uploads\/2024\/12\/nasze-miejsce-1024x942.jpg\" alt=\"\" class=\"wp-image-108\" srcset=\"https:\/\/pasieka.frufru.pl\/wp-content\/uploads\/2024\/12\/nasze-miejsce-1024x942.jpg 1024w, https:\/\/pasieka.frufru.pl\/wp-content\/uploads\/2024\/12\/nasze-miejsce-300x276.jpg 300w, https:\/\/pasieka.frufru.pl\/wp-content\/uploads\/2024\/12\/nasze-miejsce-768x707.jpg 768w, https:\/\/pasieka.frufru.pl\/wp-content\/uploads\/2024\/12\/nasze-miejsce-1536x1413.jpg 1536w, https:\/\/pasieka.frufru.pl\/wp-content\/uploads\/2024\/12\/nasze-miejsce-2048x1885.jpg 2048w\" sizes=\"auto, (max-width: 1024px) 100vw, 1024px\" \/><\/figure>\n<\/figure>\n\n\n\n<p><\/p>\n","protected":false},"excerpt":{"rendered":"<p>Pasieka edukacyjna to miejsce, w kt\u00f3rym \u0142\u0105czymy pasj\u0119 do pszcz\u00f3\u0142 z edukacj\u0105 przyrodnicz\u0105 dla dzieci, m\u0142odzie\u017cy i doros\u0142ych. Naszym celem jest przybli\u017cenie fascynuj\u0105cego \u015bwiata pszcz\u00f3\u0142, pokazanie ich niezwyk\u0142ej roli w &hellip; <\/p>\n","protected":false},"author":1,"featured_media":0,"parent":0,"menu_order":0,"comment_status":"closed","ping_status":"closed","template":"","meta":{"footnotes":""},"class_list":["post-35","page","type-page","status-publish","hentry"],"yoast_head":"<!-- This site is optimized with the Yoast SEO plugin v26.5 - https:\/\/yoast.com\/wordpress\/plugins\/seo\/ -->\n<title>Pasieka edukacyjna - Pasieka Somianka<\/title>\n<meta name=\"robots\" content=\"index, follow, max-snippet:-1, max-image-preview:large, max-video-preview:-1\" \/>\n<link rel=\"canonical\" href=\"https:\/\/pasieka.frufru.pl\/?page_id=35\" \/>\n<meta property=\"og:locale\" content=\"pl_PL\" \/>\n<meta property=\"og:type\" content=\"article\" \/>\n<meta property=\"og:title\" content=\"Pasieka edukacyjna - Pasieka Somianka\" \/>\n<meta property=\"og:description\" content=\"Pasieka edukacyjna to miejsce, w kt\u00f3rym \u0142\u0105czymy pasj\u0119 do pszcz\u00f3\u0142 z edukacj\u0105 przyrodnicz\u0105 dla dzieci, m\u0142odzie\u017cy i doros\u0142ych. Naszym celem jest przybli\u017cenie fascynuj\u0105cego \u015bwiata pszcz\u00f3\u0142, pokazanie ich niezwyk\u0142ej roli w &hellip;\" \/>\n<meta property=\"og:url\" content=\"https:\/\/pasieka.frufru.pl\/?page_id=35\" \/>\n<meta property=\"og:site_name\" content=\"Pasieka Somianka\" \/>\n<meta property=\"article:publisher\" content=\"https:\/\/www.facebook.com\/profile.php?id=61569200013944&amp;locale=pl_PL\" \/>\n<meta property=\"article:modified_time\" content=\"2025-12-08T13:02:19+00:00\" \/>\n<meta property=\"og:image\" content=\"https:\/\/pasieka.frufru.pl\/wp-content\/uploads\/2024\/12\/nasze-miejsce-scaled.jpg\" \/>\n\t<meta property=\"og:image:width\" content=\"2560\" \/>\n\t<meta property=\"og:image:height\" content=\"2356\" \/>\n\t<meta property=\"og:image:type\" content=\"image\/jpeg\" \/>\n<meta name=\"twitter:card\" content=\"summary_large_image\" \/>\n<meta name=\"twitter:label1\" content=\"Szacowany czas czytania\" \/>\n\t<meta name=\"twitter:data1\" content=\"2 minuty\" \/>\n<script type=\"application\/ld+json\" class=\"yoast-schema-graph\">{\"@context\":\"https:\/\/schema.org\",\"@graph\":[{\"@type\":\"WebPage\",\"@id\":\"https:\/\/pasieka.frufru.pl\/?page_id=35\",\"url\":\"https:\/\/pasieka.frufru.pl\/?page_id=35\",\"name\":\"Pasieka edukacyjna - Pasieka Somianka\",\"isPartOf\":{\"@id\":\"https:\/\/pasieka.frufru.pl\/#website\"},\"primaryImageOfPage\":{\"@id\":\"https:\/\/pasieka.frufru.pl\/?page_id=35#primaryimage\"},\"image\":{\"@id\":\"https:\/\/pasieka.frufru.pl\/?page_id=35#primaryimage\"},\"thumbnailUrl\":\"https:\/\/pasieka.frufru.pl\/wp-content\/uploads\/2024\/12\/nasze-miejsce-1024x942.jpg\",\"datePublished\":\"2024-06-06T10:47:58+00:00\",\"dateModified\":\"2025-12-08T13:02:19+00:00\",\"breadcrumb\":{\"@id\":\"https:\/\/pasieka.frufru.pl\/?page_id=35#breadcrumb\"},\"inLanguage\":\"pl-PL\",\"potentialAction\":[{\"@type\":\"ReadAction\",\"target\":[\"https:\/\/pasieka.frufru.pl\/?page_id=35\"]}]},{\"@type\":\"ImageObject\",\"inLanguage\":\"pl-PL\",\"@id\":\"https:\/\/pasieka.frufru.pl\/?page_id=35#primaryimage\",\"url\":\"https:\/\/pasieka.frufru.pl\/wp-content\/uploads\/2024\/12\/nasze-miejsce-scaled.jpg\",\"contentUrl\":\"https:\/\/pasieka.frufru.pl\/wp-content\/uploads\/2024\/12\/nasze-miejsce-scaled.jpg\",\"width\":2560,\"height\":2356},{\"@type\":\"BreadcrumbList\",\"@id\":\"https:\/\/pasieka.frufru.pl\/?page_id=35#breadcrumb\",\"itemListElement\":[{\"@type\":\"ListItem\",\"position\":1,\"name\":\"Strona g\u0142\u00f3wna\",\"item\":\"https:\/\/pasieka.frufru.pl\/\"},{\"@type\":\"ListItem\",\"position\":2,\"name\":\"Pasieka edukacyjna\"}]},{\"@type\":\"WebSite\",\"@id\":\"https:\/\/pasieka.frufru.pl\/#website\",\"url\":\"https:\/\/pasieka.frufru.pl\/\",\"name\":\"Pasieka Somianka\",\"description\":\"Jedyne takie miejsce\",\"alternateName\":\"Uloterapia Apiterapia\",\"potentialAction\":[{\"@type\":\"SearchAction\",\"target\":{\"@type\":\"EntryPoint\",\"urlTemplate\":\"https:\/\/pasieka.frufru.pl\/?s={search_term_string}\"},\"query-input\":{\"@type\":\"PropertyValueSpecification\",\"valueRequired\":true,\"valueName\":\"search_term_string\"}}],\"inLanguage\":\"pl-PL\"}]}<\/script>\n<!-- \/ Yoast SEO plugin. -->","yoast_head_json":{"title":"Pasieka edukacyjna - Pasieka Somianka","robots":{"index":"index","follow":"follow","max-snippet":"max-snippet:-1","max-image-preview":"max-image-preview:large","max-video-preview":"max-video-preview:-1"},"canonical":"https:\/\/pasieka.frufru.pl\/?page_id=35","og_locale":"pl_PL","og_type":"article","og_title":"Pasieka edukacyjna - Pasieka Somianka","og_description":"Pasieka edukacyjna to miejsce, w kt\u00f3rym \u0142\u0105czymy pasj\u0119 do pszcz\u00f3\u0142 z edukacj\u0105 przyrodnicz\u0105 dla dzieci, m\u0142odzie\u017cy i doros\u0142ych. Naszym celem jest przybli\u017cenie fascynuj\u0105cego \u015bwiata pszcz\u00f3\u0142, pokazanie ich niezwyk\u0142ej roli w &hellip;","og_url":"https:\/\/pasieka.frufru.pl\/?page_id=35","og_site_name":"Pasieka Somianka","article_publisher":"https:\/\/www.facebook.com\/profile.php?id=61569200013944&locale=pl_PL","article_modified_time":"2025-12-08T13:02:19+00:00","og_image":[{"width":2560,"height":2356,"url":"https:\/\/pasieka.frufru.pl\/wp-content\/uploads\/2024\/12\/nasze-miejsce-scaled.jpg","type":"image\/jpeg"}],"twitter_card":"summary_large_image","twitter_misc":{"Szacowany czas czytania":"2 minuty"},"schema":{"@context":"https:\/\/schema.org","@graph":[{"@type":"WebPage","@id":"https:\/\/pasieka.frufru.pl\/?page_id=35","url":"https:\/\/pasieka.frufru.pl\/?page_id=35","name":"Pasieka edukacyjna - Pasieka Somianka","isPartOf":{"@id":"https:\/\/pasieka.frufru.pl\/#website"},"primaryImageOfPage":{"@id":"https:\/\/pasieka.frufru.pl\/?page_id=35#primaryimage"},"image":{"@id":"https:\/\/pasieka.frufru.pl\/?page_id=35#primaryimage"},"thumbnailUrl":"https:\/\/pasieka.frufru.pl\/wp-content\/uploads\/2024\/12\/nasze-miejsce-1024x942.jpg","datePublished":"2024-06-06T10:47:58+00:00","dateModified":"2025-12-08T13:02:19+00:00","breadcrumb":{"@id":"https:\/\/pasieka.frufru.pl\/?page_id=35#breadcrumb"},"inLanguage":"pl-PL","potentialAction":[{"@type":"ReadAction","target":["https:\/\/pasieka.frufru.pl\/?page_id=35"]}]},{"@type":"ImageObject","inLanguage":"pl-PL","@id":"https:\/\/pasieka.frufru.pl\/?page_id=35#primaryimage","url":"https:\/\/pasieka.frufru.pl\/wp-content\/uploads\/2024\/12\/nasze-miejsce-scaled.jpg","contentUrl":"https:\/\/pasieka.frufru.pl\/wp-content\/uploads\/2024\/12\/nasze-miejsce-scaled.jpg","width":2560,"height":2356},{"@type":"BreadcrumbList","@id":"https:\/\/pasieka.frufru.pl\/?page_id=35#breadcrumb","itemListElement":[{"@type":"ListItem","position":1,"name":"Strona g\u0142\u00f3wna","item":"https:\/\/pasieka.frufru.pl\/"},{"@type":"ListItem","position":2,"name":"Pasieka edukacyjna"}]},{"@type":"WebSite","@id":"https:\/\/pasieka.frufru.pl\/#website","url":"https:\/\/pasieka.frufru.pl\/","name":"Pasieka Somianka","description":"Jedyne takie miejsce","alternateName":"Uloterapia Apiterapia","potentialAction":[{"@type":"SearchAction","target":{"@type":"EntryPoint","urlTemplate":"https:\/\/pasieka.frufru.pl\/?s={search_term_string}"},"query-input":{"@type":"PropertyValueSpecification","valueRequired":true,"valueName":"search_term_string"}}],"inLanguage":"pl-PL"}]}},"_links":{"self":[{"href":"https:\/\/pasieka.frufru.pl\/index.php?rest_route=\/wp\/v2\/pages\/35","targetHints":{"allow":["GET"]}}],"collection":[{"href":"https:\/\/pasieka.frufru.pl\/index.php?rest_route=\/wp\/v2\/pages"}],"about":[{"href":"https:\/\/pasieka.frufru.pl\/index.php?rest_route=\/wp\/v2\/types\/page"}],"author":[{"embeddable":true,"href":"https:\/\/pasieka.frufru.pl\/index.php?rest_route=\/wp\/v2\/users\/1"}],"replies":[{"embeddable":true,"href":"https:\/\/pasieka.frufru.pl\/index.php?rest_route=%2Fwp%2Fv2%2Fcomments&post=35"}],"version-history":[{"count":3,"href":"https:\/\/pasieka.frufru.pl\/index.php?rest_route=\/wp\/v2\/pages\/35\/revisions"}],"predecessor-version":[{"id":376,"href":"https:\/\/pasieka.frufru.pl\/index.php?rest_route=\/wp\/v2\/pages\/35\/revisions\/376"}],"wp:attachment":[{"href":"https:\/\/pasieka.frufru.pl\/index.php?rest_route=%2Fwp%2Fv2%2Fmedia&parent=35"}],"curies":[{"name":"wp","href":"https:\/\/api.w.org\/{rel}","templated":true}]}}