{"id":21,"date":"2024-06-06T12:40:38","date_gmt":"2024-06-06T10:40:38","guid":{"rendered":"http:\/\/pasieka.frufru.pl\/?page_id=21"},"modified":"2025-01-13T20:08:35","modified_gmt":"2025-01-13T19:08:35","slug":"apiterapia","status":"publish","type":"page","link":"https:\/\/pasieka.frufru.pl\/?page_id=21","title":{"rendered":"Apiterapia"},"content":{"rendered":"\n<p>Apiterapia to zb\u00f3r metod zaliczanych do medycyny naturalnej, wykorzystuje ona wszystkie produkty jakie wytwarzaj\u0105 pszczo\u0142y jak mi\u00f3d, kit pszczeli (zwany propolisem), pierzga, mleczko pszczele oraz jad pszczeli.<\/p>\n\n\n\n<p><br>Apiterapia jest metod\u0105 uzdrawiaj\u0105c\u0105 znan\u0105 ludzko\u015bci od najstarszych czas\u00f3w. Ze wzgl\u0119du na zr\u00f3\u017cnicowany sk\u0142ad substancje wytwarzane przez pszczo\u0142y wykazuj\u0105 szereg dzia\u0142a\u0144, w tym dzia\u0142anie przeciwutleniaj\u0105ce, immunomodulacyjne, przeciwbakteryjne, przeciwnowotworowe, przeciwdepresyjne.<\/p>\n\n\n\n<p><br>Jako terapia uzupe\u0142niaj\u0105ca, apiterapia mo\u017ce przynie\u015b\u0107 wiele korzy\u015bci zar\u00f3wno dla doros\u0142ych, jak i dzieci w odniesieniu do warto\u015bci od\u017cywczej niekt\u00f3rych produkt\u00f3w pszczelich (mi\u00f3d, py\u0142ek kwiatowy) oraz fizjologiczne i terapeutyczne dzia\u0142anie innych produkt\u00f3w jako propolis, jad pszczeli. Produkty pszczele mog\u0105 r\u00f3wnie\u017c dostarcza\u0107 sk\u0142adnik\u00f3w od\u017cywczych, bia\u0142ek, niezb\u0119dnych kwas\u00f3w t\u0142uszczowych, witamin (zw\u0142aszcza grupy B, C i prowitaminy A \u2013 karoten\u00f3w i karotenoid\u00f3w), minera\u0142\u00f3w oraz polifenoli.<\/p>\n\n\n\n<figure class=\"wp-block-image size-large\"><img loading=\"lazy\" decoding=\"async\" width=\"1024\" height=\"926\" src=\"https:\/\/pasieka.frufru.pl\/wp-content\/uploads\/2024\/12\/miododajna-1024x926.jpg\" alt=\"\" class=\"wp-image-110\" srcset=\"https:\/\/pasieka.frufru.pl\/wp-content\/uploads\/2024\/12\/miododajna-1024x926.jpg 1024w, https:\/\/pasieka.frufru.pl\/wp-content\/uploads\/2024\/12\/miododajna-300x271.jpg 300w, https:\/\/pasieka.frufru.pl\/wp-content\/uploads\/2024\/12\/miododajna-768x695.jpg 768w, https:\/\/pasieka.frufru.pl\/wp-content\/uploads\/2024\/12\/miododajna-1536x1389.jpg 1536w, https:\/\/pasieka.frufru.pl\/wp-content\/uploads\/2024\/12\/miododajna-2048x1852.jpg 2048w\" sizes=\"auto, (max-width: 1024px) 100vw, 1024px\" \/><\/figure>\n","protected":false},"excerpt":{"rendered":"<p>Apiterapia to zb\u00f3r metod zaliczanych do medycyny naturalnej, wykorzystuje ona wszystkie produkty jakie wytwarzaj\u0105 pszczo\u0142y jak mi\u00f3d, kit pszczeli (zwany propolisem), pierzga, mleczko pszczele oraz jad pszczeli. Apiterapia jest metod\u0105 &hellip; <\/p>\n","protected":false},"author":1,"featured_media":5,"parent":0,"menu_order":0,"comment_status":"open","ping_status":"closed","template":"","meta":{"footnotes":""},"class_list":["post-21","page","type-page","status-publish","has-post-thumbnail","hentry"],"yoast_head":"<!-- This site is optimized with the Yoast SEO plugin v26.5 - https:\/\/yoast.com\/wordpress\/plugins\/seo\/ -->\n<title>Apiterapia - Pasieka Somianka<\/title>\n<meta name=\"robots\" content=\"index, follow, max-snippet:-1, max-image-preview:large, max-video-preview:-1\" \/>\n<link rel=\"canonical\" href=\"https:\/\/pasieka.frufru.pl\/?page_id=21\" \/>\n<meta property=\"og:locale\" content=\"pl_PL\" \/>\n<meta property=\"og:type\" content=\"article\" \/>\n<meta property=\"og:title\" content=\"Apiterapia - Pasieka Somianka\" \/>\n<meta property=\"og:description\" content=\"Apiterapia to zb\u00f3r metod zaliczanych do medycyny naturalnej, wykorzystuje ona wszystkie produkty jakie wytwarzaj\u0105 pszczo\u0142y jak mi\u00f3d, kit pszczeli (zwany propolisem), pierzga, mleczko pszczele oraz jad pszczeli. Apiterapia jest metod\u0105 &hellip;\" \/>\n<meta property=\"og:url\" content=\"https:\/\/pasieka.frufru.pl\/?page_id=21\" \/>\n<meta property=\"og:site_name\" content=\"Pasieka Somianka\" \/>\n<meta property=\"article:publisher\" content=\"https:\/\/www.facebook.com\/profile.php?id=61569200013944&amp;locale=pl_PL\" \/>\n<meta property=\"article:modified_time\" content=\"2025-01-13T19:08:35+00:00\" \/>\n<meta property=\"og:image\" content=\"https:\/\/pasieka.frufru.pl\/wp-content\/uploads\/2024\/06\/1.jpg\" \/>\n\t<meta property=\"og:image:width\" content=\"1000\" \/>\n\t<meta property=\"og:image:height\" content=\"667\" \/>\n\t<meta property=\"og:image:type\" content=\"image\/jpeg\" \/>\n<meta name=\"twitter:card\" content=\"summary_large_image\" \/>\n<meta name=\"twitter:label1\" content=\"Szacowany czas czytania\" \/>\n\t<meta name=\"twitter:data1\" content=\"1 minuta\" \/>\n<script type=\"application\/ld+json\" class=\"yoast-schema-graph\">{\"@context\":\"https:\/\/schema.org\",\"@graph\":[{\"@type\":\"WebPage\",\"@id\":\"https:\/\/pasieka.frufru.pl\/?page_id=21\",\"url\":\"https:\/\/pasieka.frufru.pl\/?page_id=21\",\"name\":\"Apiterapia - Pasieka Somianka\",\"isPartOf\":{\"@id\":\"https:\/\/pasieka.frufru.pl\/#website\"},\"primaryImageOfPage\":{\"@id\":\"https:\/\/pasieka.frufru.pl\/?page_id=21#primaryimage\"},\"image\":{\"@id\":\"https:\/\/pasieka.frufru.pl\/?page_id=21#primaryimage\"},\"thumbnailUrl\":\"https:\/\/pasieka.frufru.pl\/wp-content\/uploads\/2024\/06\/1.jpg\",\"datePublished\":\"2024-06-06T10:40:38+00:00\",\"dateModified\":\"2025-01-13T19:08:35+00:00\",\"breadcrumb\":{\"@id\":\"https:\/\/pasieka.frufru.pl\/?page_id=21#breadcrumb\"},\"inLanguage\":\"pl-PL\",\"potentialAction\":[{\"@type\":\"ReadAction\",\"target\":[\"https:\/\/pasieka.frufru.pl\/?page_id=21\"]}]},{\"@type\":\"ImageObject\",\"inLanguage\":\"pl-PL\",\"@id\":\"https:\/\/pasieka.frufru.pl\/?page_id=21#primaryimage\",\"url\":\"https:\/\/pasieka.frufru.pl\/wp-content\/uploads\/2024\/06\/1.jpg\",\"contentUrl\":\"https:\/\/pasieka.frufru.pl\/wp-content\/uploads\/2024\/06\/1.jpg\",\"width\":1000,\"height\":667},{\"@type\":\"BreadcrumbList\",\"@id\":\"https:\/\/pasieka.frufru.pl\/?page_id=21#breadcrumb\",\"itemListElement\":[{\"@type\":\"ListItem\",\"position\":1,\"name\":\"Strona g\u0142\u00f3wna\",\"item\":\"https:\/\/pasieka.frufru.pl\/\"},{\"@type\":\"ListItem\",\"position\":2,\"name\":\"Apiterapia\"}]},{\"@type\":\"WebSite\",\"@id\":\"https:\/\/pasieka.frufru.pl\/#website\",\"url\":\"https:\/\/pasieka.frufru.pl\/\",\"name\":\"Pasieka Somianka\",\"description\":\"Jedyne takie miejsce\",\"alternateName\":\"Uloterapia Apiterapia\",\"potentialAction\":[{\"@type\":\"SearchAction\",\"target\":{\"@type\":\"EntryPoint\",\"urlTemplate\":\"https:\/\/pasieka.frufru.pl\/?s={search_term_string}\"},\"query-input\":{\"@type\":\"PropertyValueSpecification\",\"valueRequired\":true,\"valueName\":\"search_term_string\"}}],\"inLanguage\":\"pl-PL\"}]}<\/script>\n<!-- \/ Yoast SEO plugin. -->","yoast_head_json":{"title":"Apiterapia - Pasieka Somianka","robots":{"index":"index","follow":"follow","max-snippet":"max-snippet:-1","max-image-preview":"max-image-preview:large","max-video-preview":"max-video-preview:-1"},"canonical":"https:\/\/pasieka.frufru.pl\/?page_id=21","og_locale":"pl_PL","og_type":"article","og_title":"Apiterapia - Pasieka Somianka","og_description":"Apiterapia to zb\u00f3r metod zaliczanych do medycyny naturalnej, wykorzystuje ona wszystkie produkty jakie wytwarzaj\u0105 pszczo\u0142y jak mi\u00f3d, kit pszczeli (zwany propolisem), pierzga, mleczko pszczele oraz jad pszczeli. Apiterapia jest metod\u0105 &hellip;","og_url":"https:\/\/pasieka.frufru.pl\/?page_id=21","og_site_name":"Pasieka Somianka","article_publisher":"https:\/\/www.facebook.com\/profile.php?id=61569200013944&locale=pl_PL","article_modified_time":"2025-01-13T19:08:35+00:00","og_image":[{"width":1000,"height":667,"url":"https:\/\/pasieka.frufru.pl\/wp-content\/uploads\/2024\/06\/1.jpg","type":"image\/jpeg"}],"twitter_card":"summary_large_image","twitter_misc":{"Szacowany czas czytania":"1 minuta"},"schema":{"@context":"https:\/\/schema.org","@graph":[{"@type":"WebPage","@id":"https:\/\/pasieka.frufru.pl\/?page_id=21","url":"https:\/\/pasieka.frufru.pl\/?page_id=21","name":"Apiterapia - Pasieka Somianka","isPartOf":{"@id":"https:\/\/pasieka.frufru.pl\/#website"},"primaryImageOfPage":{"@id":"https:\/\/pasieka.frufru.pl\/?page_id=21#primaryimage"},"image":{"@id":"https:\/\/pasieka.frufru.pl\/?page_id=21#primaryimage"},"thumbnailUrl":"https:\/\/pasieka.frufru.pl\/wp-content\/uploads\/2024\/06\/1.jpg","datePublished":"2024-06-06T10:40:38+00:00","dateModified":"2025-01-13T19:08:35+00:00","breadcrumb":{"@id":"https:\/\/pasieka.frufru.pl\/?page_id=21#breadcrumb"},"inLanguage":"pl-PL","potentialAction":[{"@type":"ReadAction","target":["https:\/\/pasieka.frufru.pl\/?page_id=21"]}]},{"@type":"ImageObject","inLanguage":"pl-PL","@id":"https:\/\/pasieka.frufru.pl\/?page_id=21#primaryimage","url":"https:\/\/pasieka.frufru.pl\/wp-content\/uploads\/2024\/06\/1.jpg","contentUrl":"https:\/\/pasieka.frufru.pl\/wp-content\/uploads\/2024\/06\/1.jpg","width":1000,"height":667},{"@type":"BreadcrumbList","@id":"https:\/\/pasieka.frufru.pl\/?page_id=21#breadcrumb","itemListElement":[{"@type":"ListItem","position":1,"name":"Strona g\u0142\u00f3wna","item":"https:\/\/pasieka.frufru.pl\/"},{"@type":"ListItem","position":2,"name":"Apiterapia"}]},{"@type":"WebSite","@id":"https:\/\/pasieka.frufru.pl\/#website","url":"https:\/\/pasieka.frufru.pl\/","name":"Pasieka Somianka","description":"Jedyne takie miejsce","alternateName":"Uloterapia Apiterapia","potentialAction":[{"@type":"SearchAction","target":{"@type":"EntryPoint","urlTemplate":"https:\/\/pasieka.frufru.pl\/?s={search_term_string}"},"query-input":{"@type":"PropertyValueSpecification","valueRequired":true,"valueName":"search_term_string"}}],"inLanguage":"pl-PL"}]}},"_links":{"self":[{"href":"https:\/\/pasieka.frufru.pl\/index.php?rest_route=\/wp\/v2\/pages\/21","targetHints":{"allow":["GET"]}}],"collection":[{"href":"https:\/\/pasieka.frufru.pl\/index.php?rest_route=\/wp\/v2\/pages"}],"about":[{"href":"https:\/\/pasieka.frufru.pl\/index.php?rest_route=\/wp\/v2\/types\/page"}],"author":[{"embeddable":true,"href":"https:\/\/pasieka.frufru.pl\/index.php?rest_route=\/wp\/v2\/users\/1"}],"replies":[{"embeddable":true,"href":"https:\/\/pasieka.frufru.pl\/index.php?rest_route=%2Fwp%2Fv2%2Fcomments&post=21"}],"version-history":[{"count":4,"href":"https:\/\/pasieka.frufru.pl\/index.php?rest_route=\/wp\/v2\/pages\/21\/revisions"}],"predecessor-version":[{"id":189,"href":"https:\/\/pasieka.frufru.pl\/index.php?rest_route=\/wp\/v2\/pages\/21\/revisions\/189"}],"wp:featuredmedia":[{"embeddable":true,"href":"https:\/\/pasieka.frufru.pl\/index.php?rest_route=\/wp\/v2\/media\/5"}],"wp:attachment":[{"href":"https:\/\/pasieka.frufru.pl\/index.php?rest_route=%2Fwp%2Fv2%2Fmedia&parent=21"}],"curies":[{"name":"wp","href":"https:\/\/api.w.org\/{rel}","templated":true}]}}