{"id":119,"date":"2024-12-30T14:46:12","date_gmt":"2024-12-30T13:46:12","guid":{"rendered":"http:\/\/pasieka.frufru.pl\/?page_id=119"},"modified":"2024-12-30T14:56:37","modified_gmt":"2024-12-30T13:56:37","slug":"miody","status":"publish","type":"page","link":"https:\/\/pasieka.frufru.pl\/?page_id=119","title":{"rendered":"Miody"},"content":{"rendered":"\n<p>Pierwszy pisemny dokument o u\u017cywaniu miodu jako \u015brodka leczniczego pochodzi sprzed 4000 lat. W medycynie wszystkich lud\u00f3w mi\u00f3d u\u017cywany by\u0142 od dawna. Przepisy na leki przekazywano z pokolenia na pokolenie i wiele z nich dotrwa\u0142o do dzi\u015b.<\/p>\n\n\n\n<p class=\"has-text-align-left\"><img loading=\"lazy\" decoding=\"async\" width=\"300\" height=\"375\" class=\"wp-image-121\" style=\"width: 300px;\" src=\"https:\/\/pasieka.frufru.pl\/wp-content\/uploads\/2024\/12\/miodek.gif\" alt=\"\"><br>Obecnie mi\u00f3d stosuje si\u0119 w wielu przypad\u0142o\u015bciach jak na przyk\u0142ad w<br>Chorobach serce<br>Udowodniono, \u017ce przy regularnym stosowaniu miodu w ilo\u015bciach 70-100 g na dob\u0119 ju\u017c po dw\u00f3ch tygodniach nast\u0119puje poprawa w l\u017cejszych schorzeniach. Polecany jest tu g\u0142\u00f3wnie mi\u00f3d gryczany , kt\u00f3ry jest skutecznym (dzi\u0119ki zawarto\u015bci rutyny) lekiem przy krucho\u015bci w\u0142osowatych naczy\u0144 krwiono\u015bnych.<br>Choroby na tle nerwowym<br>Dr. Pierre Reynaud francuski psychiatra, na podstawie wieloletnich bada\u0144 i obserwacji doszed\u0142 do wniosku, \u017ce mi\u00f3d jest wa\u017cnym czynnikiem przy odradzaniu si\u0119 si\u0142 \u017cyciowych cz\u0142owieka. W przypadku apatii, ot\u0119pienia i wyczerpania psychicznego stosuje si\u0119 specjaln\u0105 kuracj\u0119 miodow\u0105.<\/p>\n\n\n\n<p>Mi\u00f3d pszczeli<br>Nektarowy<br>Podstawowym surowcem tego miodu jest nektar wytwarzany przez ro\u015bliny miododajne. Zawiera on cukry , wod\u0119, substancje mineralne oraz specyficzne dla danej ro\u015bliny olejki wonne.<br>Spadziowy<br>Powstaje przy wsp\u00f3\u0142udziale owad\u00f3w (mszyce, czerwce). Spad\u017a jest sokiem ro\u015blinnym z kt\u00f3rego mszyce czy czerwce pobra\u0142y cz\u0119\u015bci bia\u0142kowe a w zamian wzbogaci\u0142y go wydzielinami w\u0142asnego organizmu.<\/p>\n\n\n\n<p>Wyr\u00f3\u017cniamy podstawowe rodzaje miod\u00f3w:<br>Mi\u00f3d rzepakowy<br>Koloru jasno\u017c\u00f3\u0142tego z lekkim zielonkawym odcieniem. Krystalizuje si\u0119 bardzo szybko. Ma konsystencj\u0119 smalcowat\u0105 i jest prawie bia\u0142y.<\/p>\n\n\n\n<p>Mi\u00f3d gryczany<br>Pochodzi z nektaru gryki. Charakteryzuje si\u0119 nier\u00f3wnomiern\u0105 krystalizacj\u0105. Ma licznych amator\u00f3w i wyj\u0105tkowo nadaje si\u0119 do wytwarzania miod\u00f3w pitnych. W tym miodzie wykryto substancj\u0119 lecznicz\u0105 rutyn\u0119, kt\u00f3r\u0105 znaczn\u0105 ilo\u015b\u0107 zawiera ziele i kwiaty gryki. Kolor miodu jest bardzo ciemny, smak ostry i posiada wyrazisty zapach.<\/p>\n\n\n\n<p>Mi\u00f3d akacjowy<br>To nektar z robinii akacjowej(akacji bia\u0142ej). Jest koloru lekko \u017c\u00f3\u0142tawego, nie posiada wyrazistego smaku i zapachu. Dzi\u0119ki temu lubiany przez dzieci.<\/p>\n\n\n\n<p>Mi\u00f3d lipowy<br>Wielu amator\u00f3w miod\u00f3w twierdzi, \u017ce jest to najlepszy mi\u00f3d nektarowy. Oczywi\u015bcie jest to kwesti\u0105 gustu, ale z pewno\u015bci\u0105 jest to mi\u00f3d wyj\u0105tkowy. Niestety, ci\u0119\u017cko jest uzyska\u0107 czysty mi\u00f3d lipowy poniewa\u017c niewiele jest skupisk drzew lipy rosn\u0105cych z dala od ucz\u0119szczanych dr\u00f3g . Cz\u0119sto \u0142adnie kwitn\u0105ce drzewa s\u0142abo nektaruj\u0105.<br>Czysty mi\u00f3d lipowy p\u0142ynny przypomina olejek rycynowy a po krystalizacji jest bardzo jasny o szarym odcieniu. Ma do\u015b\u0107 ostry smak i charakterystyczny aromat przypominaj\u0105cy zapach mi\u0119ty.<\/p>\n\n\n\n<p>Mi\u00f3d pitny<br>To lekki nap\u00f3j alkoholowy otrzymany przez fermentacj\u0119 roztworu miodu pszczelego tak zwanej brzeczki.<\/p>\n","protected":false},"excerpt":{"rendered":"<p>Pierwszy pisemny dokument o u\u017cywaniu miodu jako \u015brodka leczniczego pochodzi sprzed 4000 lat. W medycynie wszystkich lud\u00f3w mi\u00f3d u\u017cywany by\u0142 od dawna. Przepisy na leki przekazywano z pokolenia na pokolenie &hellip; <\/p>\n","protected":false},"author":1,"featured_media":0,"parent":0,"menu_order":0,"comment_status":"open","ping_status":"closed","template":"","meta":{"footnotes":""},"class_list":["post-119","page","type-page","status-publish","hentry"],"yoast_head":"<!-- This site is optimized with the Yoast SEO plugin v26.5 - https:\/\/yoast.com\/wordpress\/plugins\/seo\/ -->\n<title>Miody - Pasieka Somianka<\/title>\n<meta name=\"robots\" content=\"index, follow, max-snippet:-1, max-image-preview:large, max-video-preview:-1\" \/>\n<link rel=\"canonical\" href=\"https:\/\/pasieka.frufru.pl\/?page_id=119\" \/>\n<meta property=\"og:locale\" content=\"pl_PL\" \/>\n<meta property=\"og:type\" content=\"article\" \/>\n<meta property=\"og:title\" content=\"Miody - Pasieka Somianka\" \/>\n<meta property=\"og:description\" content=\"Pierwszy pisemny dokument o u\u017cywaniu miodu jako \u015brodka leczniczego pochodzi sprzed 4000 lat. W medycynie wszystkich lud\u00f3w mi\u00f3d u\u017cywany by\u0142 od dawna. Przepisy na leki przekazywano z pokolenia na pokolenie &hellip;\" \/>\n<meta property=\"og:url\" content=\"https:\/\/pasieka.frufru.pl\/?page_id=119\" \/>\n<meta property=\"og:site_name\" content=\"Pasieka Somianka\" \/>\n<meta property=\"article:publisher\" content=\"https:\/\/www.facebook.com\/profile.php?id=61569200013944&amp;locale=pl_PL\" \/>\n<meta property=\"article:modified_time\" content=\"2024-12-30T13:56:37+00:00\" \/>\n<meta property=\"og:image\" content=\"http:\/\/pasieka.frufru.pl\/wp-content\/uploads\/2024\/12\/miodek.gif\" \/>\n<meta name=\"twitter:card\" content=\"summary_large_image\" \/>\n<meta name=\"twitter:label1\" content=\"Szacowany czas czytania\" \/>\n\t<meta name=\"twitter:data1\" content=\"2 minuty\" \/>\n<script type=\"application\/ld+json\" class=\"yoast-schema-graph\">{\"@context\":\"https:\/\/schema.org\",\"@graph\":[{\"@type\":\"WebPage\",\"@id\":\"https:\/\/pasieka.frufru.pl\/?page_id=119\",\"url\":\"https:\/\/pasieka.frufru.pl\/?page_id=119\",\"name\":\"Miody - Pasieka Somianka\",\"isPartOf\":{\"@id\":\"https:\/\/pasieka.frufru.pl\/#website\"},\"primaryImageOfPage\":{\"@id\":\"https:\/\/pasieka.frufru.pl\/?page_id=119#primaryimage\"},\"image\":{\"@id\":\"https:\/\/pasieka.frufru.pl\/?page_id=119#primaryimage\"},\"thumbnailUrl\":\"http:\/\/pasieka.frufru.pl\/wp-content\/uploads\/2024\/12\/miodek.gif\",\"datePublished\":\"2024-12-30T13:46:12+00:00\",\"dateModified\":\"2024-12-30T13:56:37+00:00\",\"breadcrumb\":{\"@id\":\"https:\/\/pasieka.frufru.pl\/?page_id=119#breadcrumb\"},\"inLanguage\":\"pl-PL\",\"potentialAction\":[{\"@type\":\"ReadAction\",\"target\":[\"https:\/\/pasieka.frufru.pl\/?page_id=119\"]}]},{\"@type\":\"ImageObject\",\"inLanguage\":\"pl-PL\",\"@id\":\"https:\/\/pasieka.frufru.pl\/?page_id=119#primaryimage\",\"url\":\"http:\/\/pasieka.frufru.pl\/wp-content\/uploads\/2024\/12\/miodek.gif\",\"contentUrl\":\"http:\/\/pasieka.frufru.pl\/wp-content\/uploads\/2024\/12\/miodek.gif\"},{\"@type\":\"BreadcrumbList\",\"@id\":\"https:\/\/pasieka.frufru.pl\/?page_id=119#breadcrumb\",\"itemListElement\":[{\"@type\":\"ListItem\",\"position\":1,\"name\":\"Strona g\u0142\u00f3wna\",\"item\":\"https:\/\/pasieka.frufru.pl\/\"},{\"@type\":\"ListItem\",\"position\":2,\"name\":\"Miody\"}]},{\"@type\":\"WebSite\",\"@id\":\"https:\/\/pasieka.frufru.pl\/#website\",\"url\":\"https:\/\/pasieka.frufru.pl\/\",\"name\":\"Pasieka Somianka\",\"description\":\"Jedyne takie miejsce\",\"alternateName\":\"Uloterapia Apiterapia\",\"potentialAction\":[{\"@type\":\"SearchAction\",\"target\":{\"@type\":\"EntryPoint\",\"urlTemplate\":\"https:\/\/pasieka.frufru.pl\/?s={search_term_string}\"},\"query-input\":{\"@type\":\"PropertyValueSpecification\",\"valueRequired\":true,\"valueName\":\"search_term_string\"}}],\"inLanguage\":\"pl-PL\"}]}<\/script>\n<!-- \/ Yoast SEO plugin. -->","yoast_head_json":{"title":"Miody - Pasieka Somianka","robots":{"index":"index","follow":"follow","max-snippet":"max-snippet:-1","max-image-preview":"max-image-preview:large","max-video-preview":"max-video-preview:-1"},"canonical":"https:\/\/pasieka.frufru.pl\/?page_id=119","og_locale":"pl_PL","og_type":"article","og_title":"Miody - Pasieka Somianka","og_description":"Pierwszy pisemny dokument o u\u017cywaniu miodu jako \u015brodka leczniczego pochodzi sprzed 4000 lat. W medycynie wszystkich lud\u00f3w mi\u00f3d u\u017cywany by\u0142 od dawna. Przepisy na leki przekazywano z pokolenia na pokolenie &hellip;","og_url":"https:\/\/pasieka.frufru.pl\/?page_id=119","og_site_name":"Pasieka Somianka","article_publisher":"https:\/\/www.facebook.com\/profile.php?id=61569200013944&locale=pl_PL","article_modified_time":"2024-12-30T13:56:37+00:00","og_image":[{"url":"http:\/\/pasieka.frufru.pl\/wp-content\/uploads\/2024\/12\/miodek.gif","type":"","width":"","height":""}],"twitter_card":"summary_large_image","twitter_misc":{"Szacowany czas czytania":"2 minuty"},"schema":{"@context":"https:\/\/schema.org","@graph":[{"@type":"WebPage","@id":"https:\/\/pasieka.frufru.pl\/?page_id=119","url":"https:\/\/pasieka.frufru.pl\/?page_id=119","name":"Miody - Pasieka Somianka","isPartOf":{"@id":"https:\/\/pasieka.frufru.pl\/#website"},"primaryImageOfPage":{"@id":"https:\/\/pasieka.frufru.pl\/?page_id=119#primaryimage"},"image":{"@id":"https:\/\/pasieka.frufru.pl\/?page_id=119#primaryimage"},"thumbnailUrl":"http:\/\/pasieka.frufru.pl\/wp-content\/uploads\/2024\/12\/miodek.gif","datePublished":"2024-12-30T13:46:12+00:00","dateModified":"2024-12-30T13:56:37+00:00","breadcrumb":{"@id":"https:\/\/pasieka.frufru.pl\/?page_id=119#breadcrumb"},"inLanguage":"pl-PL","potentialAction":[{"@type":"ReadAction","target":["https:\/\/pasieka.frufru.pl\/?page_id=119"]}]},{"@type":"ImageObject","inLanguage":"pl-PL","@id":"https:\/\/pasieka.frufru.pl\/?page_id=119#primaryimage","url":"http:\/\/pasieka.frufru.pl\/wp-content\/uploads\/2024\/12\/miodek.gif","contentUrl":"http:\/\/pasieka.frufru.pl\/wp-content\/uploads\/2024\/12\/miodek.gif"},{"@type":"BreadcrumbList","@id":"https:\/\/pasieka.frufru.pl\/?page_id=119#breadcrumb","itemListElement":[{"@type":"ListItem","position":1,"name":"Strona g\u0142\u00f3wna","item":"https:\/\/pasieka.frufru.pl\/"},{"@type":"ListItem","position":2,"name":"Miody"}]},{"@type":"WebSite","@id":"https:\/\/pasieka.frufru.pl\/#website","url":"https:\/\/pasieka.frufru.pl\/","name":"Pasieka Somianka","description":"Jedyne takie miejsce","alternateName":"Uloterapia Apiterapia","potentialAction":[{"@type":"SearchAction","target":{"@type":"EntryPoint","urlTemplate":"https:\/\/pasieka.frufru.pl\/?s={search_term_string}"},"query-input":{"@type":"PropertyValueSpecification","valueRequired":true,"valueName":"search_term_string"}}],"inLanguage":"pl-PL"}]}},"_links":{"self":[{"href":"https:\/\/pasieka.frufru.pl\/index.php?rest_route=\/wp\/v2\/pages\/119","targetHints":{"allow":["GET"]}}],"collection":[{"href":"https:\/\/pasieka.frufru.pl\/index.php?rest_route=\/wp\/v2\/pages"}],"about":[{"href":"https:\/\/pasieka.frufru.pl\/index.php?rest_route=\/wp\/v2\/types\/page"}],"author":[{"embeddable":true,"href":"https:\/\/pasieka.frufru.pl\/index.php?rest_route=\/wp\/v2\/users\/1"}],"replies":[{"embeddable":true,"href":"https:\/\/pasieka.frufru.pl\/index.php?rest_route=%2Fwp%2Fv2%2Fcomments&post=119"}],"version-history":[{"count":2,"href":"https:\/\/pasieka.frufru.pl\/index.php?rest_route=\/wp\/v2\/pages\/119\/revisions"}],"predecessor-version":[{"id":123,"href":"https:\/\/pasieka.frufru.pl\/index.php?rest_route=\/wp\/v2\/pages\/119\/revisions\/123"}],"wp:attachment":[{"href":"https:\/\/pasieka.frufru.pl\/index.php?rest_route=%2Fwp%2Fv2%2Fmedia&parent=119"}],"curies":[{"name":"wp","href":"https:\/\/api.w.org\/{rel}","templated":true}]}}